{"id":582,"date":"2019-04-02T16:54:46","date_gmt":"2019-04-02T14:54:46","guid":{"rendered":"http:\/\/www.branson.be\/producten\/werkkledij\/"},"modified":"2022-05-02T14:36:48","modified_gmt":"2022-05-02T12:36:48","slug":"vetements-de-travail","status":"publish","type":"page","link":"https:\/\/www.branson.be\/fr\/produits\/vetements-de-travail\/","title":{"rendered":"V\u00eatements de travail"},"content":{"rendered":"","protected":false},"excerpt":{"rendered":"","protected":false},"author":1,"featured_media":2150,"parent":0,"menu_order":0,"comment_status":"closed","ping_status":"closed","template":"","meta":{"_acf_changed":false,"footnotes":""},"class_list":["post-582","page","type-page","status-publish","has-post-thumbnail","hentry"],"acf":[],"yoast_head":"<!-- This site is optimized with the Yoast SEO plugin v27.0 - https:\/\/yoast.com\/product\/yoast-seo-wordpress\/ -->\n<title>V\u00eatements de travail - Branson Workwear<\/title>\n<meta name=\"description\" content=\"Vous recherchez des v\u00eatements de travail adapt\u00e9s \u00e0 votre secteur? Chez Branson, vous trouverez tous les v\u00eatements de travail dont vous avez besoin pour assurer la s\u00e9curit\u00e9 et le confort de votre personnel.\" \/>\n<meta name=\"robots\" content=\"index, follow, max-snippet:-1, max-image-preview:large, max-video-preview:-1\" \/>\n<link rel=\"canonical\" href=\"https:\/\/www.branson.be\/fr\/produits\/vetements-de-travail\/\" \/>\n<meta property=\"og:locale\" content=\"fr_FR\" \/>\n<meta property=\"og:type\" content=\"article\" \/>\n<meta property=\"og:title\" content=\"V\u00eatements de travail - Branson Workwear\" \/>\n<meta property=\"og:description\" content=\"Vous recherchez des v\u00eatements de travail adapt\u00e9s \u00e0 votre secteur? Chez Branson, vous trouverez tous les v\u00eatements de travail dont vous avez besoin pour assurer la s\u00e9curit\u00e9 et le confort de votre personnel.\" \/>\n<meta property=\"og:url\" content=\"https:\/\/www.branson.be\/fr\/produits\/vetements-de-travail\/\" \/>\n<meta property=\"og:site_name\" content=\"Branson\" \/>\n<meta property=\"article:publisher\" content=\"https:\/\/www.facebook.com\/BransonWorkwear\/\" \/>\n<meta property=\"article:modified_time\" content=\"2022-05-02T12:36:48+00:00\" \/>\n<meta property=\"og:image\" content=\"https:\/\/www.branson.be\/wp-content\/uploads\/2022\/04\/Vetements-de-travail-banniere.png\" \/>\n\t<meta property=\"og:image:width\" content=\"965\" \/>\n\t<meta property=\"og:image:height\" content=\"230\" \/>\n\t<meta property=\"og:image:type\" content=\"image\/png\" \/>\n<meta name=\"twitter:card\" content=\"summary_large_image\" \/>\n<script type=\"application\/ld+json\" class=\"yoast-schema-graph\">{\"@context\":\"https:\/\/schema.org\",\"@graph\":[{\"@type\":\"WebPage\",\"@id\":\"https:\/\/www.branson.be\/fr\/produits\/vetements-de-travail\/\",\"url\":\"https:\/\/www.branson.be\/fr\/produits\/vetements-de-travail\/\",\"name\":\"V\u00eatements de travail - Branson Workwear\",\"isPartOf\":{\"@id\":\"https:\/\/www.branson.be\/fr\/#website\"},\"primaryImageOfPage\":{\"@id\":\"https:\/\/www.branson.be\/fr\/produits\/vetements-de-travail\/#primaryimage\"},\"image\":{\"@id\":\"https:\/\/www.branson.be\/fr\/produits\/vetements-de-travail\/#primaryimage\"},\"thumbnailUrl\":\"https:\/\/www.branson.be\/wp-content\/uploads\/2022\/04\/Vetements-de-travail-banniere.png\",\"datePublished\":\"2019-04-02T14:54:46+00:00\",\"dateModified\":\"2022-05-02T12:36:48+00:00\",\"description\":\"Vous recherchez des v\u00eatements de travail adapt\u00e9s \u00e0 votre secteur? Chez Branson, vous trouverez tous les v\u00eatements de travail dont vous avez besoin pour assurer la s\u00e9curit\u00e9 et le confort de votre personnel.\",\"breadcrumb\":{\"@id\":\"https:\/\/www.branson.be\/fr\/produits\/vetements-de-travail\/#breadcrumb\"},\"inLanguage\":\"fr-BE\",\"potentialAction\":[{\"@type\":\"ReadAction\",\"target\":[\"https:\/\/www.branson.be\/fr\/produits\/vetements-de-travail\/\"]}]},{\"@type\":\"ImageObject\",\"inLanguage\":\"fr-BE\",\"@id\":\"https:\/\/www.branson.be\/fr\/produits\/vetements-de-travail\/#primaryimage\",\"url\":\"https:\/\/www.branson.be\/wp-content\/uploads\/2022\/04\/Vetements-de-travail-banniere.png\",\"contentUrl\":\"https:\/\/www.branson.be\/wp-content\/uploads\/2022\/04\/Vetements-de-travail-banniere.png\",\"width\":965,\"height\":230,\"caption\":\"V\u00eatements de travail - banni\u00e8re\"},{\"@type\":\"BreadcrumbList\",\"@id\":\"https:\/\/www.branson.be\/fr\/produits\/vetements-de-travail\/#breadcrumb\",\"itemListElement\":[{\"@type\":\"ListItem\",\"position\":1,\"name\":\"Home\",\"item\":\"https:\/\/www.branson.be\/fr\/\"},{\"@type\":\"ListItem\",\"position\":2,\"name\":\"Produits\",\"item\":\"https:\/\/www.branson.be\/fr\/produits\/\"},{\"@type\":\"ListItem\",\"position\":3,\"name\":\"V\u00eatements de travail\"}]},{\"@type\":\"WebSite\",\"@id\":\"https:\/\/www.branson.be\/fr\/#website\",\"url\":\"https:\/\/www.branson.be\/fr\/\",\"name\":\"Branson\",\"description\":\"Just another WordPress site\",\"publisher\":{\"@id\":\"https:\/\/www.branson.be\/fr\/#organization\"},\"potentialAction\":[{\"@type\":\"SearchAction\",\"target\":{\"@type\":\"EntryPoint\",\"urlTemplate\":\"https:\/\/www.branson.be\/fr\/?s={search_term_string}\"},\"query-input\":{\"@type\":\"PropertyValueSpecification\",\"valueRequired\":true,\"valueName\":\"search_term_string\"}}],\"inLanguage\":\"fr-BE\"},{\"@type\":\"Organization\",\"@id\":\"https:\/\/www.branson.be\/fr\/#organization\",\"name\":\"Branson Workwear\",\"url\":\"https:\/\/www.branson.be\/fr\/\",\"logo\":{\"@type\":\"ImageObject\",\"inLanguage\":\"fr-BE\",\"@id\":\"https:\/\/www.branson.be\/fr\/#\/schema\/logo\/image\/\",\"url\":\"https:\/\/www.branson.be\/wp-content\/uploads\/2022\/03\/Branson-logo.png\",\"contentUrl\":\"https:\/\/www.branson.be\/wp-content\/uploads\/2022\/03\/Branson-logo.png\",\"width\":1200,\"height\":1200,\"caption\":\"Branson Workwear\"},\"image\":{\"@id\":\"https:\/\/www.branson.be\/fr\/#\/schema\/logo\/image\/\"},\"sameAs\":[\"https:\/\/www.facebook.com\/BransonWorkwear\/\",\"https:\/\/www.linkedin.com\/company\/bransonbvba\"]}]}<\/script>\n<!-- \/ Yoast SEO plugin. -->","yoast_head_json":{"title":"V\u00eatements de travail - Branson Workwear","description":"Vous recherchez des v\u00eatements de travail adapt\u00e9s \u00e0 votre secteur? Chez Branson, vous trouverez tous les v\u00eatements de travail dont vous avez besoin pour assurer la s\u00e9curit\u00e9 et le confort de votre personnel.","robots":{"index":"index","follow":"follow","max-snippet":"max-snippet:-1","max-image-preview":"max-image-preview:large","max-video-preview":"max-video-preview:-1"},"canonical":"https:\/\/www.branson.be\/fr\/produits\/vetements-de-travail\/","og_locale":"fr_FR","og_type":"article","og_title":"V\u00eatements de travail - Branson Workwear","og_description":"Vous recherchez des v\u00eatements de travail adapt\u00e9s \u00e0 votre secteur? Chez Branson, vous trouverez tous les v\u00eatements de travail dont vous avez besoin pour assurer la s\u00e9curit\u00e9 et le confort de votre personnel.","og_url":"https:\/\/www.branson.be\/fr\/produits\/vetements-de-travail\/","og_site_name":"Branson","article_publisher":"https:\/\/www.facebook.com\/BransonWorkwear\/","article_modified_time":"2022-05-02T12:36:48+00:00","og_image":[{"width":965,"height":230,"url":"https:\/\/www.branson.be\/wp-content\/uploads\/2022\/04\/Vetements-de-travail-banniere.png","type":"image\/png"}],"twitter_card":"summary_large_image","schema":{"@context":"https:\/\/schema.org","@graph":[{"@type":"WebPage","@id":"https:\/\/www.branson.be\/fr\/produits\/vetements-de-travail\/","url":"https:\/\/www.branson.be\/fr\/produits\/vetements-de-travail\/","name":"V\u00eatements de travail - Branson Workwear","isPartOf":{"@id":"https:\/\/www.branson.be\/fr\/#website"},"primaryImageOfPage":{"@id":"https:\/\/www.branson.be\/fr\/produits\/vetements-de-travail\/#primaryimage"},"image":{"@id":"https:\/\/www.branson.be\/fr\/produits\/vetements-de-travail\/#primaryimage"},"thumbnailUrl":"https:\/\/www.branson.be\/wp-content\/uploads\/2022\/04\/Vetements-de-travail-banniere.png","datePublished":"2019-04-02T14:54:46+00:00","dateModified":"2022-05-02T12:36:48+00:00","description":"Vous recherchez des v\u00eatements de travail adapt\u00e9s \u00e0 votre secteur? Chez Branson, vous trouverez tous les v\u00eatements de travail dont vous avez besoin pour assurer la s\u00e9curit\u00e9 et le confort de votre personnel.","breadcrumb":{"@id":"https:\/\/www.branson.be\/fr\/produits\/vetements-de-travail\/#breadcrumb"},"inLanguage":"fr-BE","potentialAction":[{"@type":"ReadAction","target":["https:\/\/www.branson.be\/fr\/produits\/vetements-de-travail\/"]}]},{"@type":"ImageObject","inLanguage":"fr-BE","@id":"https:\/\/www.branson.be\/fr\/produits\/vetements-de-travail\/#primaryimage","url":"https:\/\/www.branson.be\/wp-content\/uploads\/2022\/04\/Vetements-de-travail-banniere.png","contentUrl":"https:\/\/www.branson.be\/wp-content\/uploads\/2022\/04\/Vetements-de-travail-banniere.png","width":965,"height":230,"caption":"V\u00eatements de travail - banni\u00e8re"},{"@type":"BreadcrumbList","@id":"https:\/\/www.branson.be\/fr\/produits\/vetements-de-travail\/#breadcrumb","itemListElement":[{"@type":"ListItem","position":1,"name":"Home","item":"https:\/\/www.branson.be\/fr\/"},{"@type":"ListItem","position":2,"name":"Produits","item":"https:\/\/www.branson.be\/fr\/produits\/"},{"@type":"ListItem","position":3,"name":"V\u00eatements de travail"}]},{"@type":"WebSite","@id":"https:\/\/www.branson.be\/fr\/#website","url":"https:\/\/www.branson.be\/fr\/","name":"Branson","description":"Just another WordPress site","publisher":{"@id":"https:\/\/www.branson.be\/fr\/#organization"},"potentialAction":[{"@type":"SearchAction","target":{"@type":"EntryPoint","urlTemplate":"https:\/\/www.branson.be\/fr\/?s={search_term_string}"},"query-input":{"@type":"PropertyValueSpecification","valueRequired":true,"valueName":"search_term_string"}}],"inLanguage":"fr-BE"},{"@type":"Organization","@id":"https:\/\/www.branson.be\/fr\/#organization","name":"Branson Workwear","url":"https:\/\/www.branson.be\/fr\/","logo":{"@type":"ImageObject","inLanguage":"fr-BE","@id":"https:\/\/www.branson.be\/fr\/#\/schema\/logo\/image\/","url":"https:\/\/www.branson.be\/wp-content\/uploads\/2022\/03\/Branson-logo.png","contentUrl":"https:\/\/www.branson.be\/wp-content\/uploads\/2022\/03\/Branson-logo.png","width":1200,"height":1200,"caption":"Branson Workwear"},"image":{"@id":"https:\/\/www.branson.be\/fr\/#\/schema\/logo\/image\/"},"sameAs":["https:\/\/www.facebook.com\/BransonWorkwear\/","https:\/\/www.linkedin.com\/company\/bransonbvba"]}]}},"_links":{"self":[{"href":"https:\/\/www.branson.be\/fr\/wp-json\/wp\/v2\/pages\/582","targetHints":{"allow":["GET"]}}],"collection":[{"href":"https:\/\/www.branson.be\/fr\/wp-json\/wp\/v2\/pages"}],"about":[{"href":"https:\/\/www.branson.be\/fr\/wp-json\/wp\/v2\/types\/page"}],"author":[{"embeddable":true,"href":"https:\/\/www.branson.be\/fr\/wp-json\/wp\/v2\/users\/1"}],"replies":[{"embeddable":true,"href":"https:\/\/www.branson.be\/fr\/wp-json\/wp\/v2\/comments?post=582"}],"version-history":[{"count":11,"href":"https:\/\/www.branson.be\/fr\/wp-json\/wp\/v2\/pages\/582\/revisions"}],"predecessor-version":[{"id":2220,"href":"https:\/\/www.branson.be\/fr\/wp-json\/wp\/v2\/pages\/582\/revisions\/2220"}],"wp:featuredmedia":[{"embeddable":true,"href":"https:\/\/www.branson.be\/fr\/wp-json\/wp\/v2\/media\/2150"}],"wp:attachment":[{"href":"https:\/\/www.branson.be\/fr\/wp-json\/wp\/v2\/media?parent=582"}],"curies":[{"name":"wp","href":"https:\/\/api.w.org\/{rel}","templated":true}]}}