{"id":3001,"date":"2023-07-24T11:26:11","date_gmt":"2023-07-24T09:26:11","guid":{"rendered":"https:\/\/www.branson.be\/?page_id=3001"},"modified":"2023-07-24T13:59:46","modified_gmt":"2023-07-24T11:59:46","slug":"marques","status":"publish","type":"page","link":"https:\/\/www.branson.be\/fr\/marques\/","title":{"rendered":"Marques"},"content":{"rendered":"","protected":false},"excerpt":{"rendered":"<p>Pour toutes les marques de qualit\u00e9 dans le domaine des v\u00eatements de travail professionnels et des chaussures de s\u00e9curit\u00e9, visitez Branson. Nous vous proposons un large assortiment avec de nombreuses options. Vous pouvez donc toujours choisir la meilleure tenue de travail pour chaque occasion.<\/p>\n","protected":false},"author":1,"featured_media":0,"parent":0,"menu_order":0,"comment_status":"closed","ping_status":"closed","template":"page-merken.php","meta":{"_acf_changed":false,"footnotes":""},"class_list":["post-3001","page","type-page","status-publish","hentry"],"acf":[],"yoast_head":"<!-- This site is optimized with the Yoast SEO plugin v27.0 - https:\/\/yoast.com\/product\/yoast-seo-wordpress\/ -->\n<title>Marques - Branson Workwear<\/title>\n<meta name=\"description\" content=\"Vous cherchez des v\u00eatements de travail professionnels, des chaussures de s\u00e9curit\u00e9 ou d&#039;autres \u00e9quipements de travail ? D\u00e9couvrir tout ici.\" \/>\n<meta name=\"robots\" content=\"index, follow, max-snippet:-1, max-image-preview:large, max-video-preview:-1\" \/>\n<link rel=\"canonical\" href=\"https:\/\/www.branson.be\/fr\/marques\/\" \/>\n<meta property=\"og:locale\" content=\"fr_FR\" \/>\n<meta property=\"og:type\" content=\"article\" \/>\n<meta property=\"og:title\" content=\"Marques - Branson Workwear\" \/>\n<meta property=\"og:description\" content=\"Vous cherchez des v\u00eatements de travail professionnels, des chaussures de s\u00e9curit\u00e9 ou d&#039;autres \u00e9quipements de travail ? D\u00e9couvrir tout ici.\" \/>\n<meta property=\"og:url\" content=\"https:\/\/www.branson.be\/fr\/marques\/\" \/>\n<meta property=\"og:site_name\" content=\"Branson\" \/>\n<meta property=\"article:publisher\" content=\"https:\/\/www.facebook.com\/BransonWorkwear\/\" \/>\n<meta property=\"article:modified_time\" content=\"2023-07-24T11:59:46+00:00\" \/>\n<meta name=\"twitter:card\" content=\"summary_large_image\" \/>\n<script type=\"application\/ld+json\" class=\"yoast-schema-graph\">{\"@context\":\"https:\/\/schema.org\",\"@graph\":[{\"@type\":\"WebPage\",\"@id\":\"https:\/\/www.branson.be\/fr\/marques\/\",\"url\":\"https:\/\/www.branson.be\/fr\/marques\/\",\"name\":\"Marques - Branson Workwear\",\"isPartOf\":{\"@id\":\"https:\/\/www.branson.be\/fr\/#website\"},\"datePublished\":\"2023-07-24T09:26:11+00:00\",\"dateModified\":\"2023-07-24T11:59:46+00:00\",\"description\":\"Vous cherchez des v\u00eatements de travail professionnels, des chaussures de s\u00e9curit\u00e9 ou d'autres \u00e9quipements de travail ? D\u00e9couvrir tout ici.\",\"breadcrumb\":{\"@id\":\"https:\/\/www.branson.be\/fr\/marques\/#breadcrumb\"},\"inLanguage\":\"fr-BE\",\"potentialAction\":[{\"@type\":\"ReadAction\",\"target\":[\"https:\/\/www.branson.be\/fr\/marques\/\"]}]},{\"@type\":\"BreadcrumbList\",\"@id\":\"https:\/\/www.branson.be\/fr\/marques\/#breadcrumb\",\"itemListElement\":[{\"@type\":\"ListItem\",\"position\":1,\"name\":\"Home\",\"item\":\"https:\/\/www.branson.be\/fr\/\"},{\"@type\":\"ListItem\",\"position\":2,\"name\":\"Marques\"}]},{\"@type\":\"WebSite\",\"@id\":\"https:\/\/www.branson.be\/fr\/#website\",\"url\":\"https:\/\/www.branson.be\/fr\/\",\"name\":\"Branson\",\"description\":\"Just another WordPress site\",\"publisher\":{\"@id\":\"https:\/\/www.branson.be\/fr\/#organization\"},\"potentialAction\":[{\"@type\":\"SearchAction\",\"target\":{\"@type\":\"EntryPoint\",\"urlTemplate\":\"https:\/\/www.branson.be\/fr\/?s={search_term_string}\"},\"query-input\":{\"@type\":\"PropertyValueSpecification\",\"valueRequired\":true,\"valueName\":\"search_term_string\"}}],\"inLanguage\":\"fr-BE\"},{\"@type\":\"Organization\",\"@id\":\"https:\/\/www.branson.be\/fr\/#organization\",\"name\":\"Branson Workwear\",\"url\":\"https:\/\/www.branson.be\/fr\/\",\"logo\":{\"@type\":\"ImageObject\",\"inLanguage\":\"fr-BE\",\"@id\":\"https:\/\/www.branson.be\/fr\/#\/schema\/logo\/image\/\",\"url\":\"https:\/\/www.branson.be\/wp-content\/uploads\/2022\/03\/Branson-logo.png\",\"contentUrl\":\"https:\/\/www.branson.be\/wp-content\/uploads\/2022\/03\/Branson-logo.png\",\"width\":1200,\"height\":1200,\"caption\":\"Branson Workwear\"},\"image\":{\"@id\":\"https:\/\/www.branson.be\/fr\/#\/schema\/logo\/image\/\"},\"sameAs\":[\"https:\/\/www.facebook.com\/BransonWorkwear\/\",\"https:\/\/www.linkedin.com\/company\/bransonbvba\"]}]}<\/script>\n<!-- \/ Yoast SEO plugin. -->","yoast_head_json":{"title":"Marques - Branson Workwear","description":"Vous cherchez des v\u00eatements de travail professionnels, des chaussures de s\u00e9curit\u00e9 ou d'autres \u00e9quipements de travail ? D\u00e9couvrir tout ici.","robots":{"index":"index","follow":"follow","max-snippet":"max-snippet:-1","max-image-preview":"max-image-preview:large","max-video-preview":"max-video-preview:-1"},"canonical":"https:\/\/www.branson.be\/fr\/marques\/","og_locale":"fr_FR","og_type":"article","og_title":"Marques - Branson Workwear","og_description":"Vous cherchez des v\u00eatements de travail professionnels, des chaussures de s\u00e9curit\u00e9 ou d'autres \u00e9quipements de travail ? D\u00e9couvrir tout ici.","og_url":"https:\/\/www.branson.be\/fr\/marques\/","og_site_name":"Branson","article_publisher":"https:\/\/www.facebook.com\/BransonWorkwear\/","article_modified_time":"2023-07-24T11:59:46+00:00","twitter_card":"summary_large_image","schema":{"@context":"https:\/\/schema.org","@graph":[{"@type":"WebPage","@id":"https:\/\/www.branson.be\/fr\/marques\/","url":"https:\/\/www.branson.be\/fr\/marques\/","name":"Marques - Branson Workwear","isPartOf":{"@id":"https:\/\/www.branson.be\/fr\/#website"},"datePublished":"2023-07-24T09:26:11+00:00","dateModified":"2023-07-24T11:59:46+00:00","description":"Vous cherchez des v\u00eatements de travail professionnels, des chaussures de s\u00e9curit\u00e9 ou d'autres \u00e9quipements de travail ? D\u00e9couvrir tout ici.","breadcrumb":{"@id":"https:\/\/www.branson.be\/fr\/marques\/#breadcrumb"},"inLanguage":"fr-BE","potentialAction":[{"@type":"ReadAction","target":["https:\/\/www.branson.be\/fr\/marques\/"]}]},{"@type":"BreadcrumbList","@id":"https:\/\/www.branson.be\/fr\/marques\/#breadcrumb","itemListElement":[{"@type":"ListItem","position":1,"name":"Home","item":"https:\/\/www.branson.be\/fr\/"},{"@type":"ListItem","position":2,"name":"Marques"}]},{"@type":"WebSite","@id":"https:\/\/www.branson.be\/fr\/#website","url":"https:\/\/www.branson.be\/fr\/","name":"Branson","description":"Just another WordPress site","publisher":{"@id":"https:\/\/www.branson.be\/fr\/#organization"},"potentialAction":[{"@type":"SearchAction","target":{"@type":"EntryPoint","urlTemplate":"https:\/\/www.branson.be\/fr\/?s={search_term_string}"},"query-input":{"@type":"PropertyValueSpecification","valueRequired":true,"valueName":"search_term_string"}}],"inLanguage":"fr-BE"},{"@type":"Organization","@id":"https:\/\/www.branson.be\/fr\/#organization","name":"Branson Workwear","url":"https:\/\/www.branson.be\/fr\/","logo":{"@type":"ImageObject","inLanguage":"fr-BE","@id":"https:\/\/www.branson.be\/fr\/#\/schema\/logo\/image\/","url":"https:\/\/www.branson.be\/wp-content\/uploads\/2022\/03\/Branson-logo.png","contentUrl":"https:\/\/www.branson.be\/wp-content\/uploads\/2022\/03\/Branson-logo.png","width":1200,"height":1200,"caption":"Branson Workwear"},"image":{"@id":"https:\/\/www.branson.be\/fr\/#\/schema\/logo\/image\/"},"sameAs":["https:\/\/www.facebook.com\/BransonWorkwear\/","https:\/\/www.linkedin.com\/company\/bransonbvba"]}]}},"_links":{"self":[{"href":"https:\/\/www.branson.be\/fr\/wp-json\/wp\/v2\/pages\/3001","targetHints":{"allow":["GET"]}}],"collection":[{"href":"https:\/\/www.branson.be\/fr\/wp-json\/wp\/v2\/pages"}],"about":[{"href":"https:\/\/www.branson.be\/fr\/wp-json\/wp\/v2\/types\/page"}],"author":[{"embeddable":true,"href":"https:\/\/www.branson.be\/fr\/wp-json\/wp\/v2\/users\/1"}],"replies":[{"embeddable":true,"href":"https:\/\/www.branson.be\/fr\/wp-json\/wp\/v2\/comments?post=3001"}],"version-history":[{"count":5,"href":"https:\/\/www.branson.be\/fr\/wp-json\/wp\/v2\/pages\/3001\/revisions"}],"predecessor-version":[{"id":3012,"href":"https:\/\/www.branson.be\/fr\/wp-json\/wp\/v2\/pages\/3001\/revisions\/3012"}],"wp:attachment":[{"href":"https:\/\/www.branson.be\/fr\/wp-json\/wp\/v2\/media?parent=3001"}],"curies":[{"name":"wp","href":"https:\/\/api.w.org\/{rel}","templated":true}]}}